{"id":1718,"date":"2021-07-12T15:40:45","date_gmt":"2021-07-12T15:40:45","guid":{"rendered":"https:\/\/bambarol.cat\/politica-privacidad\/"},"modified":"2021-12-17T11:27:06","modified_gmt":"2021-12-17T11:27:06","slug":"politica-privacidad","status":"publish","type":"page","link":"https:\/\/bambarol.cat\/ca\/politica-privacidad\/","title":{"rendered":"Pol\u00edtica de privacitat"},"content":{"rendered":"<section  class='av_textblock_section av-kwnpkc6u-e9cd78dcbd5d2fb1b5004113249d2e16'  itemscope=\"itemscope\" itemtype=\"https:\/\/schema.org\/CreativeWork\" ><div class='avia_textblock'  itemprop=\"text\" ><p>De conformidad con el Reglamento Europeo 2016\/679 del Parlamento Europeo y del Consejo de 27 de abril de 2016 y la Ley 3\/2018 relativa a la protecci\u00f3n de las personas f\u00edsicas y garant\u00edas de los derechos digitales en lo que respecta al tratamiento de datos personales y a la libre circulaci\u00f3n de estos datos, le informamos que el responsable del tratamiento de datos de car\u00e1cter personal de este portal web es:<\/p>\n<div><span class=\"il\">BAMBAROL<\/span>\u00a0SLU<\/div>\n<div>C\/Santal\u00f3 19-21 baixos<\/div>\n<div>08021 Barcelona<\/div>\n<div>CIF B66408279<\/div>\n<div>https:\/\/www.bambarol.cat<\/div>\n<p><span class=\"il\">BAMBAROL<\/span> SLU, est\u00e1 especialmente sensibilizada en la protecci\u00f3n de datos de car\u00e1cter personal de los usuarios de los servicios de este portal web. Mediante la presente pol\u00edtica de privacidad (o pol\u00edtica de protecci\u00f3n de Datos) <span class=\"il\">BAMBAROL<\/span>\u00a0SLU. informa a los clientes, interesados o usuarios del portal web: https:\/\/www.bambarol.cat, de los usos a los que se someten los datos de car\u00e1cter personal que se recaban, con el fin de que decidan, libre y voluntariamente, si desean facilitar la informaci\u00f3n solicitada.<\/p>\n<p><span class=\"il\">BAMBAROL<\/span>\u00a0SLU se reserva la facultad de modificar esta pol\u00edtica con el objeto de adaptarla a novedades legislativas, criterios jurisprudenciales, pr\u00e1cticas del sector, o intereses de la entidad. Cualquier modificaci\u00f3n en la misma ser\u00e1 anunciada con la debida antelaci\u00f3n, a fin de que tengas perfecto conocimiento de su contenido.<\/p>\n<p><strong>FINALIDAD DEL TRATAMIENTO<\/strong><\/p>\n<p>La finalidad de la recogida y tratamiento de los datos personales (mail), a trav\u00e9s del formulario \u201ccontactar\u201d responsabilidad de <span class=\"il\">BAMBAROL<\/span> SLU, puestos a disposici\u00f3n de los usuarios, responden a las finalidades seg\u00fan el caso concreto; gestionar y atender las solicitudes de informaci\u00f3n, dudas, quejas, o sugerencias respecto de los servicios prestados, por\u00a0 <span class=\"il\">BAMBAROL<\/span>\u00a0SLU, as\u00ed como conocer la opini\u00f3n de los usuarios.<\/p>\n<p><strong>PLAZO DE CONSERVACI\u00d3N<\/strong><\/p>\n<p>Los datos personales proporcionados se conservar\u00e1n durante el plazo correspondiente para cumplir con las obligaciones legales, o se solicite su supresi\u00f3n por el interesado y este est\u00e9 legitimado para ello.<\/p>\n<p><strong>LEGITIMACI\u00d3N<\/strong><\/p>\n<p><span class=\"il\">BAMBAROL<\/span>\u00a0SLUest\u00e1 legitimado al tratamiento de datos personales, en base al consentimiento otorgado por el interesado para uno o varios fines espec\u00edficos, tal y como recoge el art\u00edculo 6.1. a) del Reglamento 2016\/679 DEL parlamento europeo y del consejo de 27 de abril de 2016 relativo a la protecci\u00f3n de las personas f\u00edsicas.<\/p>\n<p><strong>EXACTITUD DE LOS DATOS<\/strong><\/p>\n<p>Por otro lado, con el fin de que los datos obrantes en los ficheros inform\u00e1ticos y\/o en papel de <span class=\"il\">BAMBAROL<\/span> SLU siempre correspondan a la realidad, se tratar\u00e1 de mantenerlos actualizados. De manera que, a estos efectos, el usuario deber\u00e1 informar de los cambios, directamente, cuando as\u00ed est\u00e9 habilitado o comunic\u00e1ndose, por medio fehaciente, al \u00e1rea o departamento correspondiente de <span class=\"il\">BAMBAROL<\/span>\u00a0SLU<\/p>\n<p><strong>DESTINATARIOS<\/strong><\/p>\n<p>Los datos personales no ser\u00e1n cedidos o comunicados a terceros, salvo en los supuestos necesarios para el desarrollo, control y cumplimiento de la\/s finalidad\/es expresada\/s, en los supuestos previstos seg\u00fan Ley.<\/p>\n<p><strong>DERECHOS DE LOS USUARIOS<\/strong><\/p>\n<p>No obstante, el interesado de los datos personales en todo caso podr\u00e1 ejercitar los derechos que le asisten, de acuerdo con el Reglamento General de Protecci\u00f3n de Datos:<\/p>\n<ul>\n<li>Derecho a solicitar el acceso a los datos personales relativos al interesado,<\/li>\n<li>Derecho a solicitar su rectificaci\u00f3n o supresi\u00f3n,<\/li>\n<li>Derecho a solicitar la limitaci\u00f3n de su tratamiento,<\/li>\n<li>Derecho a oponerse al tratamiento,<\/li>\n<li>Derecho a la portabilidad de los datos<\/li>\n<\/ul>\n<p>El interesado podr\u00e1 ejercitar tales derechos mediante solicitud acompa\u00f1ada de una fotocopia de su D.N.I, y en la que especificar\u00e1 cu\u00e1l de \u00e9stos solicita sea satisfecho, remitida a la direcci\u00f3n: <span class=\"il\">BAMBAROL<\/span>\u00a0SLU domicilio social a estos efectos en calle Bobila, 29 08232 VILADECAVALLS BARCELONA, ESPA\u00d1A.<\/p>\n<p>En caso de considerar vulnerado su derecho a la protecci\u00f3n de datos personales, podr\u00e1 interponer una reclamaci\u00f3n ante la Agencia Espa\u00f1ola de Protecci\u00f3n de Datos (www.agpd.es).<\/p>\n<p><strong>MEDIDAS DE SEGURIDAD<\/strong><\/p>\n<p>Finalmente se informa que <span class=\"il\">BAMBAROL<\/span>\u00a0SLU adoptar\u00e1 en su sistema de informaci\u00f3n las medidas t\u00e9cnicas y organizativas legalmente requeridas, a fin de garantizar la seguridad y confidencialidad de los datos almacenados, evitando as\u00ed, su alteraci\u00f3n, p\u00e9rdida, tratamiento o acceso no autorizado; teniendo en cuenta el estado de la t\u00e9cnica, los costes de aplicaci\u00f3n, y la naturaleza, el alcance, el contexto y los fines del tratamiento, as\u00ed como riesgos de probabilidad y gravedad variables asociadas a cada uno de los tratamientos.<\/p>\n<p><strong>OBLIGATORIEDAD DE LA INTRODUCCION DE DATOS DE CAR\u00c1CTER PERSONAL<\/strong><\/p>\n<p>Para acceder al sitio web de <span class=\"il\">BAMBAROL<\/span> SLU https:\/\/www.bambarol.cat\u00a0no es necesario aportar ning\u00fan dato de car\u00e1cter personal. Sin embargo, para realizar solicitudes de informaci\u00f3n o realizar la solicitud de productos o servicios concretos s\u00ed puede ser necesario que el usuario, interesado o cliente aporte datos en los formularios existentes en el portal web para las finalidades anteriormente descritas. Los campos en los que figure un asterisco (*) son aquellos que requieren una respuesta obligatoria. De no ser informados la consecuencia es la imposibilidad de enviar la solicitud de informaci\u00f3n.<br \/>\nSi tiene alguna pregunta sobre esta Pol\u00edtica de Privacidad, rogamos que se ponga en contacto con nosotros enviando un email a reserva@bambarol.cat.<\/p>\n<p><span class=\"il\">BAMBAROL<\/span>\u00a0SLU<\/p>\n<\/div><\/section>\n","protected":false},"excerpt":{"rendered":"","protected":false},"author":1,"featured_media":0,"parent":0,"menu_order":0,"comment_status":"closed","ping_status":"open","template":"","meta":[],"yoast_head":"<!-- This site is optimized with the Yoast SEO plugin v19.9 - https:\/\/yoast.com\/wordpress\/plugins\/seo\/ -->\n<title>Pol\u00edtica de privacitat - Bambarol Restaurant<\/title>\n<meta name=\"description\" content=\"Pol\u00edtica de privacitat de Bambarol Restaurant Barcelona: Mitjan\u00e7ant la present pol\u00edtica de privacitat (o pol\u00edtica de protecci\u00f3 de Dades)\" \/>\n<meta name=\"robots\" content=\"index, follow, max-snippet:-1, max-image-preview:large, max-video-preview:-1\" \/>\n<link rel=\"canonical\" href=\"https:\/\/bambarol.cat\/ca\/politica-privacidad\/\" \/>\n<meta property=\"og:locale\" content=\"ca_ES\" \/>\n<meta property=\"og:type\" content=\"article\" \/>\n<meta property=\"og:title\" content=\"Pol\u00edtica de privacitat - Bambarol Restaurant\" \/>\n<meta property=\"og:description\" content=\"Pol\u00edtica de privacitat de Bambarol Restaurant Barcelona: Mitjan\u00e7ant la present pol\u00edtica de privacitat (o pol\u00edtica de protecci\u00f3 de Dades)\" \/>\n<meta property=\"og:url\" content=\"https:\/\/bambarol.cat\/ca\/politica-privacidad\/\" \/>\n<meta property=\"og:site_name\" content=\"Bambarol Restaurant\" \/>\n<meta property=\"article:modified_time\" content=\"2021-12-17T11:27:06+00:00\" \/>\n<meta name=\"twitter:card\" content=\"summary_large_image\" \/>\n<meta name=\"twitter:label1\" content=\"Temps estimat de lectura\" \/>\n\t<meta name=\"twitter:data1\" content=\"4 minuts\" \/>\n<script type=\"application\/ld+json\" class=\"yoast-schema-graph\">{\"@context\":\"https:\/\/schema.org\",\"@graph\":[{\"@type\":\"WebPage\",\"@id\":\"https:\/\/bambarol.cat\/ca\/politica-privacidad\/\",\"url\":\"https:\/\/bambarol.cat\/ca\/politica-privacidad\/\",\"name\":\"Pol\u00edtica de privacitat - Bambarol Restaurant\",\"isPartOf\":{\"@id\":\"https:\/\/bambarol.cat\/#website\"},\"datePublished\":\"2021-07-12T15:40:45+00:00\",\"dateModified\":\"2021-12-17T11:27:06+00:00\",\"description\":\"Pol\u00edtica de privacitat de Bambarol Restaurant Barcelona: Mitjan\u00e7ant la present pol\u00edtica de privacitat (o pol\u00edtica de protecci\u00f3 de Dades)\",\"breadcrumb\":{\"@id\":\"https:\/\/bambarol.cat\/ca\/politica-privacidad\/#breadcrumb\"},\"inLanguage\":\"ca\",\"potentialAction\":[{\"@type\":\"ReadAction\",\"target\":[\"https:\/\/bambarol.cat\/ca\/politica-privacidad\/\"]}]},{\"@type\":\"BreadcrumbList\",\"@id\":\"https:\/\/bambarol.cat\/ca\/politica-privacidad\/#breadcrumb\",\"itemListElement\":[{\"@type\":\"ListItem\",\"position\":1,\"name\":\"Portada\",\"item\":\"https:\/\/bambarol.cat\/ca\/bambarol\/\"},{\"@type\":\"ListItem\",\"position\":2,\"name\":\"Pol\u00edtica de privacitat\"}]},{\"@type\":\"WebSite\",\"@id\":\"https:\/\/bambarol.cat\/#website\",\"url\":\"https:\/\/bambarol.cat\/\",\"name\":\"Bambarol Restaurant\",\"description\":\"Restaurante Barcelona Bambarol\",\"potentialAction\":[{\"@type\":\"SearchAction\",\"target\":{\"@type\":\"EntryPoint\",\"urlTemplate\":\"https:\/\/bambarol.cat\/?s={search_term_string}\"},\"query-input\":\"required name=search_term_string\"}],\"inLanguage\":\"ca\"}]}<\/script>\n<!-- \/ Yoast SEO plugin. -->","yoast_head_json":{"title":"Pol\u00edtica de privacitat - Bambarol Restaurant","description":"Pol\u00edtica de privacitat de Bambarol Restaurant Barcelona: Mitjan\u00e7ant la present pol\u00edtica de privacitat (o pol\u00edtica de protecci\u00f3 de Dades)","robots":{"index":"index","follow":"follow","max-snippet":"max-snippet:-1","max-image-preview":"max-image-preview:large","max-video-preview":"max-video-preview:-1"},"canonical":"https:\/\/bambarol.cat\/ca\/politica-privacidad\/","og_locale":"ca_ES","og_type":"article","og_title":"Pol\u00edtica de privacitat - Bambarol Restaurant","og_description":"Pol\u00edtica de privacitat de Bambarol Restaurant Barcelona: Mitjan\u00e7ant la present pol\u00edtica de privacitat (o pol\u00edtica de protecci\u00f3 de Dades)","og_url":"https:\/\/bambarol.cat\/ca\/politica-privacidad\/","og_site_name":"Bambarol Restaurant","article_modified_time":"2021-12-17T11:27:06+00:00","twitter_card":"summary_large_image","twitter_misc":{"Temps estimat de lectura":"4 minuts"},"schema":{"@context":"https:\/\/schema.org","@graph":[{"@type":"WebPage","@id":"https:\/\/bambarol.cat\/ca\/politica-privacidad\/","url":"https:\/\/bambarol.cat\/ca\/politica-privacidad\/","name":"Pol\u00edtica de privacitat - Bambarol Restaurant","isPartOf":{"@id":"https:\/\/bambarol.cat\/#website"},"datePublished":"2021-07-12T15:40:45+00:00","dateModified":"2021-12-17T11:27:06+00:00","description":"Pol\u00edtica de privacitat de Bambarol Restaurant Barcelona: Mitjan\u00e7ant la present pol\u00edtica de privacitat (o pol\u00edtica de protecci\u00f3 de Dades)","breadcrumb":{"@id":"https:\/\/bambarol.cat\/ca\/politica-privacidad\/#breadcrumb"},"inLanguage":"ca","potentialAction":[{"@type":"ReadAction","target":["https:\/\/bambarol.cat\/ca\/politica-privacidad\/"]}]},{"@type":"BreadcrumbList","@id":"https:\/\/bambarol.cat\/ca\/politica-privacidad\/#breadcrumb","itemListElement":[{"@type":"ListItem","position":1,"name":"Portada","item":"https:\/\/bambarol.cat\/ca\/bambarol\/"},{"@type":"ListItem","position":2,"name":"Pol\u00edtica de privacitat"}]},{"@type":"WebSite","@id":"https:\/\/bambarol.cat\/#website","url":"https:\/\/bambarol.cat\/","name":"Bambarol Restaurant","description":"Restaurante Barcelona Bambarol","potentialAction":[{"@type":"SearchAction","target":{"@type":"EntryPoint","urlTemplate":"https:\/\/bambarol.cat\/?s={search_term_string}"},"query-input":"required name=search_term_string"}],"inLanguage":"ca"}]}},"_links":{"self":[{"href":"https:\/\/bambarol.cat\/ca\/wp-json\/wp\/v2\/pages\/1718"}],"collection":[{"href":"https:\/\/bambarol.cat\/ca\/wp-json\/wp\/v2\/pages"}],"about":[{"href":"https:\/\/bambarol.cat\/ca\/wp-json\/wp\/v2\/types\/page"}],"author":[{"embeddable":true,"href":"https:\/\/bambarol.cat\/ca\/wp-json\/wp\/v2\/users\/1"}],"replies":[{"embeddable":true,"href":"https:\/\/bambarol.cat\/ca\/wp-json\/wp\/v2\/comments?post=1718"}],"version-history":[{"count":4,"href":"https:\/\/bambarol.cat\/ca\/wp-json\/wp\/v2\/pages\/1718\/revisions"}],"predecessor-version":[{"id":1723,"href":"https:\/\/bambarol.cat\/ca\/wp-json\/wp\/v2\/pages\/1718\/revisions\/1723"}],"wp:attachment":[{"href":"https:\/\/bambarol.cat\/ca\/wp-json\/wp\/v2\/media?parent=1718"}],"curies":[{"name":"wp","href":"https:\/\/api.w.org\/{rel}","templated":true}]}}